{"id":2,"date":"2024-03-27T15:53:34","date_gmt":"2024-03-27T18:53:34","guid":{"rendered":"https:\/\/blog.supersoft.com.br\/?page_id=2"},"modified":"2024-09-05T15:39:12","modified_gmt":"2024-09-05T18:39:12","slug":"sobre-nos","status":"publish","type":"page","link":"https:\/\/blog.supersoft.com.br\/index.php\/sobre-nos\/","title":{"rendered":"Conhe\u00e7a a Supersoft"},"content":{"rendered":"\n<figure class=\"wp-block-image size-full\"><img loading=\"lazy\" decoding=\"async\" width=\"1020\" height=\"166\" src=\"https:\/\/blog.supersoft.com.br\/wp-content\/uploads\/2024\/04\/IMAGEM-SOBRE-NOS.png\" alt=\"\" class=\"wp-image-147\" srcset=\"https:\/\/blog.supersoft.com.br\/wp-content\/uploads\/2024\/04\/IMAGEM-SOBRE-NOS.png 1020w, https:\/\/blog.supersoft.com.br\/wp-content\/uploads\/2024\/04\/IMAGEM-SOBRE-NOS-300x49.png 300w, https:\/\/blog.supersoft.com.br\/wp-content\/uploads\/2024\/04\/IMAGEM-SOBRE-NOS-768x125.png 768w, https:\/\/blog.supersoft.com.br\/wp-content\/uploads\/2024\/04\/IMAGEM-SOBRE-NOS-369x60.png 369w\" sizes=\"(max-width: 1020px) 100vw, 1020px\" \/><\/figure>\n\n\n\n<p style=\"font-size:16px\"><strong>A hist\u00f3ria da Supersoft Sistemas come\u00e7ou h\u00e1 mais de 30 anos<\/strong>, com a miss\u00e3o de fornecer solu\u00e7\u00f5es em software que simplificam e otimizam a gest\u00e3o escrit\u00f3rios e empresas. Desde ent\u00e3o, nos dedicamos a desenvolver <strong>sistemas de gest\u00e3o cont\u00e1bil e ERP<\/strong> que atendem \u00e0s necessidades de empresas de todos os portes e segmentos.<\/p>\n\n\n\n<p style=\"font-size:16px\"><strong>Nossa miss\u00e3o \u00e9 ajudar empresas a crescerem e prosperarem<\/strong>. Acreditamos que a tecnologia pode ser uma ferramenta poderosa para alcan\u00e7ar esse objetivo, e por isso oferecemos <strong>solu\u00e7\u00f5es completas e personalizadas<\/strong>, que se adaptam \u00e0s necessidades espec\u00edficas de cada cliente.<\/p>\n\n\n\n<p style=\"font-size:16px\"><strong>Nossos sistemas de gest\u00e3o est\u00e3o dispon\u00edveis em duas modalidades:<\/strong><\/p>\n\n\n\n<ul>\n<li style=\"font-size:16px\"><strong>Offline:<\/strong>&nbsp;Ideal para empresas que preferem ter seus dados armazenados em seus pr\u00f3prios servidores.<\/li>\n\n\n\n<li style=\"font-size:16px\"><strong>Em nuvem:<\/strong>&nbsp;Solu\u00e7\u00e3o mais flex\u00edvel e acess\u00edvel, que permite o acesso ao sistema de qualquer lugar e a qualquer hora.<\/li>\n<\/ul>\n\n\n\n<p style=\"font-size:16px\"><strong>Um dos nossos diferenciais \u00e9 o suporte humanizado e personalizado<\/strong>. Para n\u00f3s, o relacionamento com o cliente \u00e9 fundamental para o sucesso de qualquer parceria, e por isso oferecemos um atendimento diferenciado, com uma equipe de especialistas altamente qualificados e atualizados prontos para atender \u00e0s suas necessidades.<br><br><\/p>\n\n\n\n<figure class=\"wp-block-image size-full\"><img loading=\"lazy\" decoding=\"async\" width=\"975\" height=\"334\" src=\"https:\/\/blog.supersoft.com.br\/wp-content\/uploads\/2024\/04\/CLIENTES-NO-BRASIL.png\" alt=\"Contamos com mais de 7 mil clientes distribu\u00eddos por todas as regi\u00f5es do Brasil. Venha fazer parte desse super time voc\u00ea tamb\u00e9m!\" class=\"wp-image-252\" srcset=\"https:\/\/blog.supersoft.com.br\/wp-content\/uploads\/2024\/04\/CLIENTES-NO-BRASIL.png 975w, https:\/\/blog.supersoft.com.br\/wp-content\/uploads\/2024\/04\/CLIENTES-NO-BRASIL-300x103.png 300w, https:\/\/blog.supersoft.com.br\/wp-content\/uploads\/2024\/04\/CLIENTES-NO-BRASIL-768x263.png 768w, https:\/\/blog.supersoft.com.br\/wp-content\/uploads\/2024\/04\/CLIENTES-NO-BRASIL-175x60.png 175w\" sizes=\"(max-width: 975px) 100vw, 975px\" \/><\/figure>\n\n\n\n<p style=\"font-size:16px\"><br><br><strong>Convidamos voc\u00ea a conhecer e experimentar gratuitamente nossos sistemas<\/strong>. Acreditamos que a Supersoft Sistemas pode ser a sua parceira ideal para o sucesso do seu neg\u00f3cio.<\/p>\n\n\n\n<p style=\"font-size:16px\"><strong>Para mais informa\u00e7\u00f5es, entre em contato conosco:<\/strong><\/p>\n\n\n\n<ul>\n<li style=\"font-size:18px\"><strong>Telefone e WhatsApp:<\/strong>\u00a0(19) 2660-2961<\/li>\n\n\n\n<li style=\"font-size:18px\"><strong>E-mail:<\/strong>&nbsp;contato@supersoft.com.br<\/li>\n\n\n\n<li style=\"font-size:18px\"><strong>Site:<\/strong>&nbsp;<a href=\"https:\/\/www.supersoft.com.br\/\" target=\"_blank\" rel=\"noreferrer noopener\">https:\/\/www.supersoft.com.br\/<\/a><\/li>\n<\/ul>\n\n\n\n<p style=\"font-size:16px\"><strong>Experimente a Supersoft Sistemas e descubra como podemos te ajudar a alcan\u00e7ar seus objetivos!<\/strong><\/p>\n","protected":false},"excerpt":{"rendered":"<p>A hist\u00f3ria da Supersoft Sistemas come\u00e7ou h\u00e1 mais de 30 anos, com a miss\u00e3o de fornecer solu\u00e7\u00f5es em software que simplificam e otimizam a gest\u00e3o &hellip; <\/p>\n","protected":false},"author":1,"featured_media":147,"parent":0,"menu_order":0,"comment_status":"closed","ping_status":"open","template":"","meta":{"_monsterinsights_skip_tracking":false,"_monsterinsights_sitenote_active":false,"_monsterinsights_sitenote_note":"","_monsterinsights_sitenote_category":0,"footnotes":""},"_links":{"self":[{"href":"https:\/\/blog.supersoft.com.br\/index.php\/wp-json\/wp\/v2\/pages\/2"}],"collection":[{"href":"https:\/\/blog.supersoft.com.br\/index.php\/wp-json\/wp\/v2\/pages"}],"about":[{"href":"https:\/\/blog.supersoft.com.br\/index.php\/wp-json\/wp\/v2\/types\/page"}],"author":[{"embeddable":true,"href":"https:\/\/blog.supersoft.com.br\/index.php\/wp-json\/wp\/v2\/users\/1"}],"replies":[{"embeddable":true,"href":"https:\/\/blog.supersoft.com.br\/index.php\/wp-json\/wp\/v2\/comments?post=2"}],"version-history":[{"count":18,"href":"https:\/\/blog.supersoft.com.br\/index.php\/wp-json\/wp\/v2\/pages\/2\/revisions"}],"predecessor-version":[{"id":600,"href":"https:\/\/blog.supersoft.com.br\/index.php\/wp-json\/wp\/v2\/pages\/2\/revisions\/600"}],"wp:featuredmedia":[{"embeddable":true,"href":"https:\/\/blog.supersoft.com.br\/index.php\/wp-json\/wp\/v2\/media\/147"}],"wp:attachment":[{"href":"https:\/\/blog.supersoft.com.br\/index.php\/wp-json\/wp\/v2\/media?parent=2"}],"curies":[{"name":"wp","href":"https:\/\/api.w.org\/{rel}","templated":true}]}}