{"id":173,"date":"2024-04-03T15:40:27","date_gmt":"2024-04-03T18:40:27","guid":{"rendered":"https:\/\/blog.supersoft.com.br\/?page_id=173"},"modified":"2024-09-05T15:44:32","modified_gmt":"2024-09-05T18:44:32","slug":"fale-conosco","status":"publish","type":"page","link":"https:\/\/blog.supersoft.com.br\/index.php\/fale-conosco\/","title":{"rendered":"Fale conosco"},"content":{"rendered":"\n<figure class=\"wp-block-image size-full\"><img loading=\"lazy\" decoding=\"async\" width=\"1020\" height=\"166\" src=\"https:\/\/blog.supersoft.com.br\/wp-content\/uploads\/2024\/04\/FALE-CONOSCO.png\" alt=\"\" class=\"wp-image-263\" srcset=\"https:\/\/blog.supersoft.com.br\/wp-content\/uploads\/2024\/04\/FALE-CONOSCO.png 1020w, https:\/\/blog.supersoft.com.br\/wp-content\/uploads\/2024\/04\/FALE-CONOSCO-300x49.png 300w, https:\/\/blog.supersoft.com.br\/wp-content\/uploads\/2024\/04\/FALE-CONOSCO-768x125.png 768w, https:\/\/blog.supersoft.com.br\/wp-content\/uploads\/2024\/04\/FALE-CONOSCO-369x60.png 369w\" sizes=\"(max-width: 1020px) 100vw, 1020px\" \/><\/figure>\n\n\n\n<p style=\"font-size:18px\">Gostaria de obter <strong>mais informa\u00e7\u00f5es<\/strong> sobre um de nossos sistemas ou <strong>esclarecer d\u00favidas<\/strong>?<br>Entre em contato conosco agora mesmo. O nosso time est\u00e1 pronto para te atender!<br><\/p>\n\n\n\n<p style=\"font-size:18px\"><strong>WhatsApp<\/strong>: (19) 2660-2961<\/p>\n\n\n\n<p style=\"font-size:18px\"><strong>Telefone: <\/strong>(19) 2660-2961 &#8211; S\u00e3o Paulo<\/p>\n\n\n\n<p style=\"font-size:18px\"><strong>Telefone: <\/strong>(11) 3522-8305 &#8211; S\u00e3o Paulo<\/p>\n\n\n\n<p style=\"font-size:18px\"><strong>Telefone: <\/strong>(19) 3522-1200 &#8211; Rio Claro<\/p>\n\n\n\n<p style=\"font-size:18px\"><strong>Telefone:<\/strong> (41) 4063-5435 &#8211; Curitiba<\/p>\n\n\n\n<p style=\"font-size:18px\"><strong>Telefone:<\/strong> (85) 4062-9162 &#8211; Fortaleza<\/p>\n\n\n\n<p style=\"font-size:18px\"><strong>Telefone: <\/strong>(19) 2660-2961 &#8211; Dpto Comercial<\/p>\n\n\n\n<p style=\"font-size:18px\"><strong>E-mail: <\/strong>contato@supersoft.com.br<br><\/p>\n\n\n\n<p style=\"font-size:18px\"><\/p>\n\n\n\n<figure class=\"wp-block-image size-full\"><a href=\"https:\/\/lp.supersoft.com.br\/whatsapp\/\" target=\"_blank\" rel=\"noreferrer noopener\"><img loading=\"lazy\" decoding=\"async\" width=\"319\" height=\"64\" src=\"https:\/\/blog.supersoft.com.br\/wp-content\/uploads\/2024\/04\/whatsapp-1.png\" alt=\"Conversar por WhatsApp\" class=\"wp-image-292\" srcset=\"https:\/\/blog.supersoft.com.br\/wp-content\/uploads\/2024\/04\/whatsapp-1.png 319w, https:\/\/blog.supersoft.com.br\/wp-content\/uploads\/2024\/04\/whatsapp-1-300x60.png 300w, https:\/\/blog.supersoft.com.br\/wp-content\/uploads\/2024\/04\/whatsapp-1-299x60.png 299w\" sizes=\"(max-width: 319px) 100vw, 319px\" \/><\/a><\/figure>\n\n\n\n<p><br>Estamos ansiosos para conversar com voc\u00ea!<\/p>\n","protected":false},"excerpt":{"rendered":"<p>Gostaria de obter mais informa\u00e7\u00f5es sobre um de nossos sistemas ou esclarecer d\u00favidas?Entre em contato conosco agora mesmo. O nosso time est\u00e1 pronto para te &hellip; <\/p>\n","protected":false},"author":1,"featured_media":263,"parent":0,"menu_order":0,"comment_status":"closed","ping_status":"closed","template":"","meta":{"_monsterinsights_skip_tracking":false,"_monsterinsights_sitenote_active":false,"_monsterinsights_sitenote_note":"","_monsterinsights_sitenote_category":0,"footnotes":""},"_links":{"self":[{"href":"https:\/\/blog.supersoft.com.br\/index.php\/wp-json\/wp\/v2\/pages\/173"}],"collection":[{"href":"https:\/\/blog.supersoft.com.br\/index.php\/wp-json\/wp\/v2\/pages"}],"about":[{"href":"https:\/\/blog.supersoft.com.br\/index.php\/wp-json\/wp\/v2\/types\/page"}],"author":[{"embeddable":true,"href":"https:\/\/blog.supersoft.com.br\/index.php\/wp-json\/wp\/v2\/users\/1"}],"replies":[{"embeddable":true,"href":"https:\/\/blog.supersoft.com.br\/index.php\/wp-json\/wp\/v2\/comments?post=173"}],"version-history":[{"count":30,"href":"https:\/\/blog.supersoft.com.br\/index.php\/wp-json\/wp\/v2\/pages\/173\/revisions"}],"predecessor-version":[{"id":604,"href":"https:\/\/blog.supersoft.com.br\/index.php\/wp-json\/wp\/v2\/pages\/173\/revisions\/604"}],"wp:featuredmedia":[{"embeddable":true,"href":"https:\/\/blog.supersoft.com.br\/index.php\/wp-json\/wp\/v2\/media\/263"}],"wp:attachment":[{"href":"https:\/\/blog.supersoft.com.br\/index.php\/wp-json\/wp\/v2\/media?parent=173"}],"curies":[{"name":"wp","href":"https:\/\/api.w.org\/{rel}","templated":true}]}}