{"id":164,"date":"2024-04-03T15:08:24","date_gmt":"2024-04-03T18:08:24","guid":{"rendered":"https:\/\/blog.supersoft.com.br\/?page_id=164"},"modified":"2024-07-04T16:58:56","modified_gmt":"2024-07-04T19:58:56","slug":"nossas-solucoes","status":"publish","type":"page","link":"https:\/\/blog.supersoft.com.br\/index.php\/nossas-solucoes\/","title":{"rendered":"Nossas solu\u00e7\u00f5es"},"content":{"rendered":"\n<figure class=\"wp-block-image size-full\"><img loading=\"lazy\" decoding=\"async\" width=\"1020\" height=\"166\" src=\"https:\/\/blog.supersoft.com.br\/wp-content\/uploads\/2024\/04\/sistemas.png\" alt=\"\" class=\"wp-image-170\" srcset=\"https:\/\/blog.supersoft.com.br\/wp-content\/uploads\/2024\/04\/sistemas.png 1020w, https:\/\/blog.supersoft.com.br\/wp-content\/uploads\/2024\/04\/sistemas-300x49.png 300w, https:\/\/blog.supersoft.com.br\/wp-content\/uploads\/2024\/04\/sistemas-768x125.png 768w, https:\/\/blog.supersoft.com.br\/wp-content\/uploads\/2024\/04\/sistemas-369x60.png 369w\" sizes=\"(max-width: 1020px) 100vw, 1020px\" \/><\/figure>\n\n\n\n<figure class=\"wp-block-image size-full\"><a href=\"https:\/\/www.supersoft.com.br\/FP\" target=\"_blank\" rel=\"noreferrer noopener\"><img loading=\"lazy\" decoding=\"async\" width=\"326\" height=\"56\" src=\"https:\/\/blog.supersoft.com.br\/wp-content\/uploads\/2024\/04\/FP.png\" alt=\"Folha de Pagamento\" class=\"wp-image-199\" srcset=\"https:\/\/blog.supersoft.com.br\/wp-content\/uploads\/2024\/04\/FP.png 326w, https:\/\/blog.supersoft.com.br\/wp-content\/uploads\/2024\/04\/FP-300x52.png 300w, https:\/\/blog.supersoft.com.br\/wp-content\/uploads\/2024\/04\/FP-320x56.png 320w\" sizes=\"(max-width: 326px) 100vw, 326px\" \/><\/a><\/figure>\n\n\n\n<p style=\"font-size:18px\">O Sistema Folha de Pagamento \u00e9 um software completo para otimizar a gest\u00e3o de departamento pessoal em empresas e escrit\u00f3rios de contabilidade, Possui ferramentas que auxiliam em todas as rotinas, al\u00e9m de estar preparado para as obriga\u00e7\u00f5es do governo.<\/p>\n\n\n\n<ul>\n<li style=\"font-size:16px\"><strong>Totalmente preparado para o eSocial: <\/strong>Software seguro para envio de informa\u00e7\u00f5es e preparado para as obriga\u00e7\u00f5es do eSocial.<\/li>\n\n\n\n<li style=\"font-size:16px\"><strong>Tabela de impostos atualizadas automaticamente: <\/strong>Equipe legislativa sempre informada sobre mudan\u00e7as da legisla\u00e7\u00e3o para otimizar seu tempo.<\/li>\n\n\n\n<li style=\"font-size:16px\"><strong>Gera\u00e7\u00e3o de Folha de Pagamento em grupo:<\/strong> Simplicidade na gera\u00e7\u00e3o, lan\u00e7amento de valores e emiss\u00e3o de recibos, tudo em uma \u00fanica tela.<br><br><br><\/li>\n<\/ul>\n\n\n\n<figure class=\"wp-block-image size-full\"><a href=\"https:\/\/www.supersoft.com.br\/CB\" target=\"_blank\" rel=\"noreferrer noopener\"><img loading=\"lazy\" decoding=\"async\" width=\"248\" height=\"56\" src=\"https:\/\/blog.supersoft.com.br\/wp-content\/uploads\/2024\/04\/CB.png\" alt=\"Contabilidade\" class=\"wp-image-197\"\/><\/a><\/figure>\n\n\n\n<p style=\"font-size:18px\">O programa de Contabilidade possui diversos recursos que agilizam os lan\u00e7amentos cont\u00e1beis e emite diversos relat\u00f3rios gerenciais que otimizam a gest\u00e3o do seu neg\u00f3cio.<\/p>\n\n\n\n<ul>\n<li style=\"font-size:16px\"><strong>Preparado para o SPED Cont\u00e1bil:<\/strong> Tenha mais agilidade e seguran\u00e7a no envio das informa\u00e7\u00f5es da sua empresa para o governo. Fa\u00e7a o envio da sua ECD dentro do prazo e corretamente.<\/li>\n\n\n\n<li style=\"font-size:16px\"><strong>Rotinas mais automatizadas: <\/strong>Automatizamos a sua rotina cont\u00e1bil com agilidade e seguran\u00e7a, proporcionando mais produtividade e aumento de competitividade.<\/li>\n\n\n\n<li style=\"font-size:16px\"><strong>Relat\u00f3rios cont\u00e1beis completos:<\/strong> Tome decis\u00f5es mais assertivas com dados reais sobre a sua empresa e seus clientes. Aumente seus resultados com mais efetividade.<br><br><br><\/li>\n<\/ul>\n\n\n\n<figure class=\"wp-block-image size-full\"><a href=\"https:\/\/www.supersoft.com.br\/LF\" target=\"_blank\" rel=\"noreferrer noopener\"><img loading=\"lazy\" decoding=\"async\" width=\"231\" height=\"56\" src=\"https:\/\/blog.supersoft.com.br\/wp-content\/uploads\/2024\/04\/LF-2-1.png\" alt=\"Livros Fiscais\" class=\"wp-image-193\"\/><\/a><\/figure>\n\n\n\n<p style=\"font-size:18px\">O sistema Livros Fiscais SuperSoft \u00e9 ideal para apura\u00e7\u00e3o de impostos e escritura\u00e7\u00e3o dos livros fiscais, totalmente integrado aos sistemas Contabilidade e Nota Fiscal Eletr\u00f4nica (NF-e).<\/p>\n\n\n\n<ul>\n<li style=\"font-size:16px\"><strong>Preparado para o REINF, SPED EFD, ECF:<\/strong> O software Livros Fiscais SuperSoft auxilia no preenchimento das informa\u00e7\u00f5es e no envio aos sistemas do governo, diminuindo seu tempo de trabalho e agilizando sua rotina.<\/li>\n\n\n\n<li style=\"font-size:16px\"><strong>Calcula automaticamente todos os impostos: <\/strong>Aumente sua produtividade reduzindo tempo com c\u00e1lculos de impostos. O sistema realiza essa tarefa por voc\u00ea de maneira autom\u00e1tica e r\u00e1pida.<\/li>\n\n\n\n<li style=\"font-size:16px\"><strong>Rotinas mais automatizadas e produtivas:<\/strong> Automatizamos a sua rotina com agilidade e seguran\u00e7a, proporcionando mais produtividade e aumento de competitividade. Invista em um sistema ideal para o seu neg\u00f3cio.<br><br><br><\/li>\n<\/ul>\n\n\n\n<figure class=\"wp-block-image size-full\"><a href=\"https:\/\/www.supersoft.com.br\/VD\" target=\"_blank\" rel=\"noreferrer noopener\"><img loading=\"lazy\" decoding=\"async\" width=\"314\" height=\"56\" src=\"https:\/\/blog.supersoft.com.br\/wp-content\/uploads\/2024\/04\/VD.png\" alt=\"Controle de Vendas\" class=\"wp-image-206\" srcset=\"https:\/\/blog.supersoft.com.br\/wp-content\/uploads\/2024\/04\/VD.png 314w, https:\/\/blog.supersoft.com.br\/wp-content\/uploads\/2024\/04\/VD-300x54.png 300w\" sizes=\"(max-width: 314px) 100vw, 314px\" \/><\/a><\/figure>\n\n\n\n<p style=\"font-size:18px\">Com o sistema de Vendas SuperSoft voc\u00ea controla o faturamento da sua empresa de forma automatizada e segura.<\/p>\n\n\n\n<ul>\n<li style=\"font-size:16px\"><strong>Controle de or\u00e7amentos e pedidos de vendas:<\/strong> Emite Or\u00e7amentos e Pedidos de Venda, com controle de convers\u00e3o de leads.<\/li>\n\n\n\n<li style=\"font-size:16px\"><strong>Controle de comiss\u00e3o de vendas totalmente parametriz\u00e1vel:<\/strong> Gerencie todas as comiss\u00f5es de vendas da sua empresa com tranquilidade, seguran\u00e7a e totalmente parametriz\u00e1vel.<\/li>\n\n\n\n<li style=\"font-size:16px\"><strong>Permite cria\u00e7\u00e3o de at\u00e9 6 tabelas de pre\u00e7os com suas respectivas f\u00f3rmulas:<\/strong> Tabelas de pre\u00e7os parametriz\u00e1vel por cliente ou por produto, com recurso de atualiza\u00e7\u00e3o autom\u00e1tica e pre\u00e7os promocionais por per\u00edodo determinado.<br><br><br><\/li>\n<\/ul>\n\n\n\n<figure class=\"wp-block-image size-full\"><a href=\"https:\/\/www.supersoft.com.br\/CC\" target=\"_blank\" rel=\"noreferrer noopener\"><img loading=\"lazy\" decoding=\"async\" width=\"335\" height=\"56\" src=\"https:\/\/blog.supersoft.com.br\/wp-content\/uploads\/2024\/04\/CC.png\" alt=\"Controle de Compras\" class=\"wp-image-208\" srcset=\"https:\/\/blog.supersoft.com.br\/wp-content\/uploads\/2024\/04\/CC.png 335w, https:\/\/blog.supersoft.com.br\/wp-content\/uploads\/2024\/04\/CC-300x50.png 300w\" sizes=\"(max-width: 335px) 100vw, 335px\" \/><\/a><\/figure>\n\n\n\n<p style=\"font-size:18px\">Controle os suprimentos da sua empresa com recursos que permitem o acompanhamento de solicita\u00e7\u00f5es de compra, or\u00e7amentos e emiss\u00e3o de pedidos.<\/p>\n\n\n\n<ul>\n<li style=\"font-size:16px\"><strong>Controle de solicita\u00e7\u00e3o de compra, cota\u00e7\u00e3o e ordem de compra: <\/strong>Controla todo o processo de compra, desde a solicita\u00e7\u00e3o at\u00e9 a efetiva ordem de compra, passando por cota\u00e7\u00f5es com envio autom\u00e1tico aos fornecedores.<\/li>\n\n\n\n<li style=\"font-size:16px\"><strong>Gest\u00e3o de compras mais eficientes:<\/strong> Demonstra o hist\u00f3rico de cada produto comprado, para avalia\u00e7\u00e3o do pre\u00e7o negociado.<\/li>\n\n\n\n<li style=\"font-size:16px\"><strong>Possui diversos relat\u00f3rios gerenciais: <\/strong>Tome decis\u00f5es mais assertivas com dados reais sobre a sua empresa e seus clientes e aumente seus resultados com mais efetividade.<br><br><br><\/li>\n<\/ul>\n\n\n\n<figure class=\"wp-block-image size-full\"><img loading=\"lazy\" decoding=\"async\" width=\"318\" height=\"56\" src=\"https:\/\/blog.supersoft.com.br\/wp-content\/uploads\/2024\/04\/CE.png\" alt=\"Controle de Estoque\" class=\"wp-image-214\" srcset=\"https:\/\/blog.supersoft.com.br\/wp-content\/uploads\/2024\/04\/CE.png 318w, https:\/\/blog.supersoft.com.br\/wp-content\/uploads\/2024\/04\/CE-300x53.png 300w\" sizes=\"(max-width: 318px) 100vw, 318px\" \/><\/figure>\n\n\n\n<p style=\"font-size:18px\">Com o sistema de controle de estoque voc\u00ea faz a gest\u00e3o de estoque da sua empresa de maneira pr\u00e1tica e resumida.<\/p>\n\n\n\n<ul>\n<li style=\"font-size:16px\"><strong>Controle de estoque de mat\u00e9rias-primas e produtos acabados:<\/strong> Controle total de estoque pr\u00f3prio e\/ou em poder de terceiros.<\/li>\n\n\n\n<li style=\"font-size:16px\"><strong>Valoriza\u00e7\u00e3o do estoque pelo custo m\u00e9dio ou PEPS:<\/strong> Calcula a valoriza\u00e7\u00e3o do estoque utilizando o Custo M\u00e9dio ou PEPS.<\/li>\n\n\n\n<li style=\"font-size:16px\"><strong>Baixa autom\u00e1tica e manual dos produtos com todos os componentes:<\/strong> Permite o controle de Ordens de Produ\u00e7\u00e3o com baixa autom\u00e1tica de componentes e apontamento de m\u00e3o de obra.<br><br><br><\/li>\n<\/ul>\n\n\n\n<figure class=\"wp-block-image size-full\"><img loading=\"lazy\" decoding=\"async\" width=\"202\" height=\"56\" src=\"https:\/\/blog.supersoft.com.br\/wp-content\/uploads\/2024\/04\/XML.png\" alt=\"Busca XML\" class=\"wp-image-216\"\/><\/figure>\n\n\n\n<p style=\"font-size:18px\">O programa Busca XML \u00e9 uma ferramenta de auditoria que captura automaticamente os XML&#8217;s das Notas Fiscais Eletr\u00f4nicas (NF-e) emitidas contra a empresa, direto da Secretaria da Fazenda (SEFAZ).<\/p>\n\n\n\n<ul>\n<li style=\"font-size:16px\"><strong>Praticidade e seguran\u00e7a:<\/strong> Baixa NF-e direto da SEFAZ, al\u00e9m de ser f\u00e1cil e intuitivo de manusear<\/li>\n\n\n\n<li style=\"font-size:16px\"><strong>Agilidade:<\/strong> Rotina de manifesta\u00e7\u00e3o de NF-e junto aos destinat\u00e1rios<\/li>\n\n\n\n<li style=\"font-size:16px\"><strong>Confiabilidade:<\/strong> Auditoria completa afim de eliminar fraudes e falsifica\u00e7\u00f5es da NF-e<br><br><br><\/li>\n<\/ul>\n\n\n\n<figure class=\"wp-block-image size-full\"><img loading=\"lazy\" decoding=\"async\" width=\"326\" height=\"56\" src=\"https:\/\/blog.supersoft.com.br\/wp-content\/uploads\/2024\/04\/AT.png\" alt=\"Controle Patrimonial\" class=\"wp-image-217\" srcset=\"https:\/\/blog.supersoft.com.br\/wp-content\/uploads\/2024\/04\/AT.png 326w, https:\/\/blog.supersoft.com.br\/wp-content\/uploads\/2024\/04\/AT-300x52.png 300w, https:\/\/blog.supersoft.com.br\/wp-content\/uploads\/2024\/04\/AT-320x56.png 320w\" sizes=\"(max-width: 326px) 100vw, 326px\" \/><\/figure>\n\n\n\n<p style=\"font-size:18px\">Visualize todas as informa\u00e7\u00f5es fiscais, cont\u00e1beis e tribut\u00e1rias dos bens, al\u00e9m de ter acesso a consolida\u00e7\u00e3o de informa\u00e7\u00f5es entre matriz e filiais, utilizando centros de custos e diversos relat\u00f3rios.<\/p>\n\n\n\n<ul>\n<li style=\"font-size:16px\"><strong>Acompanhe o valor de seus bens:<\/strong> controle total da deprecia\u00e7\u00e3o acelerada de bens.<\/li>\n\n\n\n<li style=\"font-size:16px\"><strong>Liberdade para realizar transfer\u00eancias sempre que necess\u00e1rio:<\/strong> Controla a transfer\u00eancia dos bens entre locais, centros de custos, etc.<\/li>\n\n\n\n<li style=\"font-size:16px\"><strong>Dados e informa\u00e7\u00f5es \u00e0 sua disposi\u00e7\u00e3o:<\/strong> Possui diversos relat\u00f3rios anal\u00edticos, sint\u00e9ticos e gerenciais.<br><br><br><a href=\"https:\/\/youtu.be\/Cj8jb0HutqQ\" target=\"_blank\" rel=\"noreferrer noopener\"><\/a><\/li>\n<\/ul>\n\n\n\n<figure class=\"wp-block-image size-full\"><img loading=\"lazy\" decoding=\"async\" width=\"312\" height=\"56\" src=\"https:\/\/blog.supersoft.com.br\/wp-content\/uploads\/2024\/04\/FN.png\" alt=\"Controle Financeiro\" class=\"wp-image-218\" srcset=\"https:\/\/blog.supersoft.com.br\/wp-content\/uploads\/2024\/04\/FN.png 312w, https:\/\/blog.supersoft.com.br\/wp-content\/uploads\/2024\/04\/FN-300x54.png 300w\" sizes=\"(max-width: 312px) 100vw, 312px\" \/><\/figure>\n\n\n\n<p style=\"font-size:18px\">Com o sistema Financeiro \u00e9 poss\u00edvel controlar contas a pagar e a receber, fluxo de caixa, controle por centros de custos, al\u00e9m de diversos relat\u00f3rios gerenciais.<\/p>\n\n\n\n<ul>\n<li style=\"font-size:16px\"><strong>Compat\u00edvel com padr\u00e3o CNAB:<\/strong> envio e recebimento de arquivos no padr\u00e3o CNAB para as principais institui\u00e7\u00f5es financeiras.<\/li>\n\n\n\n<li style=\"font-size:16px\"><strong>Emiss\u00e3o de diversos documentos:<\/strong> controle de pagamentos, nota de d\u00e9bito, recibo de d\u00e9bito, boleto banc\u00e1rio, etiquetas, duplicatas e cheques.<\/li>\n\n\n\n<li style=\"font-size:16px\"><strong>Total controle de suas contas:<\/strong> impress\u00e3o de relat\u00f3rios contendo as previs\u00f5es de pagamentos (ordens de compra) e recebimentos (pedidos de venda).<br><br><br><\/li>\n<\/ul>\n\n\n\n<figure class=\"wp-block-image size-full\"><img loading=\"lazy\" decoding=\"async\" width=\"405\" height=\"56\" src=\"https:\/\/blog.supersoft.com.br\/wp-content\/uploads\/2024\/04\/AE.png\" alt=\"Administrador de Escrit\u00f3rio\" class=\"wp-image-219\" srcset=\"https:\/\/blog.supersoft.com.br\/wp-content\/uploads\/2024\/04\/AE.png 405w, https:\/\/blog.supersoft.com.br\/wp-content\/uploads\/2024\/04\/AE-300x41.png 300w\" sizes=\"(max-width: 405px) 100vw, 405px\" \/><\/figure>\n\n\n\n<p style=\"font-size:18px\">O software Administrador de Escrit\u00f3rio \u00e9 adequado para escrit\u00f3rios que necessitam de um sistema simples e eficiente para controle das contas de seus clientes.<\/p>\n\n\n\n<ul>\n<li style=\"font-size:16px\"><strong>Seu parceiro na administra\u00e7\u00e3o do seu escrit\u00f3rio:<\/strong> Controla e auxilia a movimenta\u00e7\u00e3o de honor\u00e1rios para clientes<\/li>\n\n\n\n<li style=\"font-size:16px\"><strong>Organiza\u00e7\u00e3o e praticidade:<\/strong> Gera\u00e7\u00e3o de protocolos de envio de documentos, impress\u00e3o de boletos e muito mais.<\/li>\n\n\n\n<li style=\"font-size:16px\"><strong>Obtenha resultados expressivos no seu escrit\u00f3rio de contabilidade:<\/strong> Emiss\u00e3o de diversos relat\u00f3rios gerenciais que auxiliar\u00e3o na tomada de decis\u00f5es.<br><br><br><a href=\"https:\/\/youtu.be\/QmZVWvSZNr0\" target=\"_blank\" rel=\"noreferrer noopener\"><\/a><\/li>\n<\/ul>\n\n\n\n<figure class=\"wp-block-image size-full\"><img loading=\"lazy\" decoding=\"async\" width=\"189\" height=\"56\" src=\"https:\/\/blog.supersoft.com.br\/wp-content\/uploads\/2024\/04\/AU.png\" alt=\"AutoCont\" class=\"wp-image-220\"\/><\/figure>\n\n\n\n<p style=\"font-size:18px\">O AutoCont \u00e9 um software de automa\u00e7\u00e3o abrangente que realiza fun\u00e7\u00f5es vitais, antes realizadas pelos sistemas Folha de Pagamento, Contabilidade e Livros Fiscais.<\/p>\n\n\n\n<ul>\n<li style=\"font-size:16px\"><strong>Otimize fun\u00e7\u00f5es e tenha tempo de sobra:<\/strong> Automa\u00e7\u00e3o de opera\u00e7\u00f5es, alta capacidade de executar tarefas complexas de maneira r\u00e1pida e precisa, economizando tempo e recursos preciosos.<\/li>\n\n\n\n<li style=\"font-size:16px\"><strong>Realiza\u00e7\u00e3o de processos sem dor de cabe\u00e7a:<\/strong> Gera\u00e7\u00e3o da folha de pagamento no dia e hor\u00e1rio agendado, sem preocupa\u00e7\u00e3o e totalmente automatizada. <\/li>\n\n\n\n<li style=\"font-size:16px\"><strong>Desfrute de praticidade e extrema agilidade:<\/strong> A importa\u00e7\u00e3o de arquivos XML \u00e9 autom\u00e1tica, nos dias e hor\u00e1rios de sua escolha, conforme o agendamento pr\u00e9vio que voc\u00ea estabelecer.<br><br><br><\/li>\n<\/ul>\n\n\n\n<figure class=\"wp-block-image size-full\"><img loading=\"lazy\" decoding=\"async\" width=\"334\" height=\"56\" src=\"https:\/\/blog.supersoft.com.br\/wp-content\/uploads\/2024\/04\/NE.png\" alt=\"Nota Fiscal Eletr\u00f4nica\" class=\"wp-image-221\" srcset=\"https:\/\/blog.supersoft.com.br\/wp-content\/uploads\/2024\/04\/NE.png 334w, https:\/\/blog.supersoft.com.br\/wp-content\/uploads\/2024\/04\/NE-300x50.png 300w\" sizes=\"(max-width: 334px) 100vw, 334px\" \/><\/figure>\n\n\n\n<p style=\"font-size:18px\">Com o sistema de Nota Fiscal Eletr\u00f4nica \u00e9 poss\u00edvel emitir, enviar e gerenciar suas Notas Fiscais Eletr\u00f4nicas de maneira segura e automatizada. Adequado para a micro e pequena empresa.<\/p>\n\n\n\n<ul>\n<li style=\"font-size:16px\"><strong>N\u00e3o se preocupe mais com eventuais erros de c\u00e1lculos:<\/strong> C\u00e1lculo autom\u00e1tico do valor da nota, fatura e impostos.<\/li>\n\n\n\n<li style=\"font-size:16px\"><strong>Controle e organiza\u00e7\u00e3o em um s\u00f3 lugar:<\/strong> Com o sistema voc\u00ea tem controle das notas que ainda n\u00e3o foram enviadas por e-mail ao destinat\u00e1rio.<\/li>\n\n\n\n<li style=\"font-size:16px\"><strong>Um software completo para a sua empresa:<\/strong> Emite relat\u00f3rios para a gest\u00e3o das vendas, impress\u00e3o do DANFE, alertas sobre a validade do certificado digital e emiss\u00e3o do Manifesto Eletr\u00f4nico de Documentos Fiscais (MDF-e).<br><br><br><\/li>\n<\/ul>\n\n\n\n<figure class=\"wp-block-image size-full\"><img loading=\"lazy\" decoding=\"async\" width=\"375\" height=\"56\" src=\"https:\/\/blog.supersoft.com.br\/wp-content\/uploads\/2024\/04\/PP.png\" alt=\"Perfil Profissiogr\u00e1fico Previdenci\u00e1rio\" class=\"wp-image-237\" srcset=\"https:\/\/blog.supersoft.com.br\/wp-content\/uploads\/2024\/04\/PP.png 375w, https:\/\/blog.supersoft.com.br\/wp-content\/uploads\/2024\/04\/PP-300x45.png 300w\" sizes=\"(max-width: 375px) 100vw, 375px\" \/><\/figure>\n\n\n\n<p style=\"font-size:18px\">O sistema Perfil Profissiogr\u00e1fico Previdenci\u00e1rio \u00e9 ideal para a gest\u00e3o de Sa\u00fade e Seguran\u00e7a do Trabalho e est\u00e1 preparado para o envio dos eventos S-2210, S-2220 e S-2240 de SST ao eSocial.<\/p>\n\n\n\n<ul>\n<li style=\"font-size:16px\"><strong>Emiss\u00e3o de documentos oficiais: <\/strong>O software permite a manuten\u00e7\u00e3o e impress\u00e3o do documento oficial com as informa\u00e7\u00f5es do Perfil Profissiogr\u00e1fico Previdenci\u00e1rio (PPP), al\u00e9m de controlar CATs e Exames M\u00e9dicos.<\/li>\n\n\n\n<li style=\"font-size:16px\"><strong>Usabilidade flex\u00edvel: <\/strong>O software de gest\u00e3o \u00e9 indicado para contadores, t\u00e9cnicos de seguran\u00e7a do trabalho, m\u00e9dicos e engenheiros. Adequado para empresas que exp\u00f5em seus funcion\u00e1rios a agentes nocivos prejudiciais \u00e0 sa\u00fade ou a integridade f\u00edsica<\/li>\n\n\n\n<li style=\"font-size:16px\"><strong>Gest\u00e3o completa e segura:<\/strong> Gest\u00e3o e controle de exames m\u00e9dicos, hist\u00f3rico profissiogr\u00e1fico e de de exposi\u00e7\u00e3o a riscos ambientais.<br><br><br><\/li>\n<\/ul>\n\n\n\n<figure class=\"wp-block-image size-full\"><img loading=\"lazy\" decoding=\"async\" width=\"123\" height=\"56\" src=\"https:\/\/blog.supersoft.com.br\/wp-content\/uploads\/2024\/04\/AC-1.png\" alt=\"SAC\" class=\"wp-image-240\"\/><\/figure>\n\n\n\n<p style=\"font-size:18px\">O programa SAC \u00e9 ideal para controlar os atendimentos, assist\u00eancia t\u00e9cnica e ordens de servi\u00e7o da sua empresa. Um servi\u00e7o de atendimento ao cliente completo. <\/p>\n\n\n\n<ul>\n<li style=\"font-size:16px\"><strong>Organiza\u00e7\u00e3o e controle:<\/strong> \u00c9 poss\u00edvel controlar os atendimentos ao cliente atrav\u00e9s de ordens de servi\u00e7o.<\/li>\n\n\n\n<li style=\"font-size:16px\"><strong>Demonstrativo de resultado:<\/strong> Relat\u00f3rios e consultas individuais ou em grupo de todo o hist\u00f3rico de atendimentos.<\/li>\n\n\n\n<li style=\"font-size:16px\"><strong>Integra\u00e7\u00e3o com demais sistemas Supersoft:<\/strong> Integra e utiliza dados do Controle de Vendas e Controle de Estoque para obter melhores resultados de atendimento<br><br><br><\/li>\n<\/ul>\n\n\n\n<figure class=\"wp-block-image size-full\"><img loading=\"lazy\" decoding=\"async\" width=\"302\" height=\"56\" src=\"https:\/\/blog.supersoft.com.br\/wp-content\/uploads\/2024\/04\/AP.png\" alt=\"Controle de Pre\u00e7os\" class=\"wp-image-243\" srcset=\"https:\/\/blog.supersoft.com.br\/wp-content\/uploads\/2024\/04\/AP.png 302w, https:\/\/blog.supersoft.com.br\/wp-content\/uploads\/2024\/04\/AP-300x56.png 300w\" sizes=\"(max-width: 302px) 100vw, 302px\" \/><\/figure>\n\n\n\n<p style=\"font-size:18px\">O Controle de Pre\u00e7os \u00e9 um sistema de gest\u00e3o que auxilia empresas na an\u00e1lise e forma\u00e7\u00e3o de pre\u00e7os de produtos. Ideal para simplificar e aprimorar os processos internos relacionados \u00e0 precifica\u00e7\u00e3o.<\/p>\n\n\n\n<ul>\n<li style=\"font-size:16px\"><strong>Certeza e seguran\u00e7a na hora de precificar seus produtos:<\/strong> Valoriza os materiais aplicados pelo custo m\u00e9dio, PEPS, \u00faltimas compras e reposi\u00e7\u00e3o de estoque por valor de mercado.<\/li>\n\n\n\n<li style=\"font-size:16px\"><strong>An\u00e1lise de informa\u00e7\u00f5es para obter melhor resultado:<\/strong> Acompanhamento mensal corporativo da composi\u00e7\u00e3o dos custos e pre\u00e7o dos produtos com op\u00e7\u00e3o de ajustes.<\/li>\n\n\n\n<li style=\"font-size:16px\"><strong>Padroniza\u00e7\u00e3o e confian\u00e7a:<\/strong> O sistema estabelece um padr\u00e3o na precifica\u00e7\u00e3o, garantindo que tenha em seu portif\u00f3lio apenas produtos com custo e pre\u00e7o de venda compat\u00edveis. <br><br><br><\/li>\n<\/ul>\n\n\n\n<figure class=\"wp-block-image size-full\"><img loading=\"lazy\" decoding=\"async\" width=\"338\" height=\"56\" src=\"https:\/\/blog.supersoft.com.br\/wp-content\/uploads\/2024\/04\/CP.png\" alt=\"Controle de Produ\u00e7\u00e3o\" class=\"wp-image-246\" srcset=\"https:\/\/blog.supersoft.com.br\/wp-content\/uploads\/2024\/04\/CP.png 338w, https:\/\/blog.supersoft.com.br\/wp-content\/uploads\/2024\/04\/CP-300x50.png 300w\" sizes=\"(max-width: 338px) 100vw, 338px\" \/><\/figure>\n\n\n\n<p style=\"font-size:18px\">Planeje, programa e controle a produ\u00e7\u00e3o de sua empresa com o nosso software. Estrutura, roteiro de fabrica\u00e7\u00e3o, preced\u00eancias e ferramentas organizadas para entregarem os melhores resultados.<\/p>\n\n\n\n<ul>\n<li style=\"font-size:16px\"><strong>Realiza\u00e7\u00e3o do processo de MRP:<\/strong> Analisa a capacidade de produ\u00e7\u00e3o e o planejamento dos recursos materiais. <\/li>\n\n\n\n<li style=\"font-size:16px\"><strong>Agilidade e otimiza\u00e7\u00e3o de tempo:<\/strong> Gera automaticamente ordens de produ\u00e7\u00e3o atrav\u00e9s do pedido, al\u00e9m de emitir relat\u00f3rios gerenciais completos. <\/li>\n\n\n\n<li style=\"font-size:16px\"><strong>Um sistema completo de PCP:<\/strong> Controla de forma eficaz e assertiva o beneficiamento interno e externo<br><br><br><\/li>\n<\/ul>\n\n\n\n<p style=\"font-size:18px\"><\/p>\n\n\n\n<figure class=\"wp-block-image size-full\"><img loading=\"lazy\" decoding=\"async\" width=\"348\" height=\"56\" src=\"https:\/\/blog.supersoft.com.br\/wp-content\/uploads\/2024\/04\/QL.png\" alt=\"Controle de Qualidade\" class=\"wp-image-249\" srcset=\"https:\/\/blog.supersoft.com.br\/wp-content\/uploads\/2024\/04\/QL.png 348w, https:\/\/blog.supersoft.com.br\/wp-content\/uploads\/2024\/04\/QL-300x48.png 300w\" sizes=\"(max-width: 348px) 100vw, 348px\" \/><\/figure>\n\n\n\n<p style=\"font-size:18px\">O m\u00f3dulo de Controle de Qualidade oferece recursos para rastreamento e hist\u00f3rico dos seus produtos, permitindo uma visualiza\u00e7\u00e3o abrangente e o acompanhamento da ordem de produ\u00e7\u00e3o associada a cada item.<\/p>\n\n\n\n<ul>\n<li style=\"font-size:16px\"><strong>Visualiza\u00e7\u00e3o completa do in\u00edcio ao fim:<\/strong> O software rastreia os produtos comprados desde a sua origem at\u00e9 o seu destino final. <\/li>\n\n\n\n<li style=\"font-size:16px\"><strong>Acompanhamento tamb\u00e9m para produtos manufaturados:<\/strong> Neste caso, o sistema exibe o item, o lote ao qual pertence, a quantidade produzida, o respons\u00e1vel pela produ\u00e7\u00e3o e a respectiva ordem de produ\u00e7\u00e3o..<\/li>\n\n\n\n<li style=\"font-size:16px\"><strong>Integra\u00e7\u00e3o entre m\u00f3dulos:<\/strong> O m\u00f3dulo Controle de Qualidade integra com o sistemas de Compras, Estoque e Vendas da Supersoft, obtendo assim uma gest\u00e3o mais completa e segura. <\/li>\n<\/ul>\n\n\n\n<p><\/p>\n","protected":false},"excerpt":{"rendered":"<p>O Sistema Folha de Pagamento \u00e9 um software completo para otimizar a gest\u00e3o de departamento pessoal em empresas e escrit\u00f3rios de contabilidade, Possui ferramentas que &hellip; <\/p>\n","protected":false},"author":1,"featured_media":170,"parent":0,"menu_order":0,"comment_status":"closed","ping_status":"closed","template":"","meta":{"_monsterinsights_skip_tracking":false,"_monsterinsights_sitenote_active":false,"_monsterinsights_sitenote_note":"","_monsterinsights_sitenote_category":0,"footnotes":""},"_links":{"self":[{"href":"https:\/\/blog.supersoft.com.br\/index.php\/wp-json\/wp\/v2\/pages\/164"}],"collection":[{"href":"https:\/\/blog.supersoft.com.br\/index.php\/wp-json\/wp\/v2\/pages"}],"about":[{"href":"https:\/\/blog.supersoft.com.br\/index.php\/wp-json\/wp\/v2\/types\/page"}],"author":[{"embeddable":true,"href":"https:\/\/blog.supersoft.com.br\/index.php\/wp-json\/wp\/v2\/users\/1"}],"replies":[{"embeddable":true,"href":"https:\/\/blog.supersoft.com.br\/index.php\/wp-json\/wp\/v2\/comments?post=164"}],"version-history":[{"count":36,"href":"https:\/\/blog.supersoft.com.br\/index.php\/wp-json\/wp\/v2\/pages\/164\/revisions"}],"predecessor-version":[{"id":555,"href":"https:\/\/blog.supersoft.com.br\/index.php\/wp-json\/wp\/v2\/pages\/164\/revisions\/555"}],"wp:featuredmedia":[{"embeddable":true,"href":"https:\/\/blog.supersoft.com.br\/index.php\/wp-json\/wp\/v2\/media\/170"}],"wp:attachment":[{"href":"https:\/\/blog.supersoft.com.br\/index.php\/wp-json\/wp\/v2\/media?parent=164"}],"curies":[{"name":"wp","href":"https:\/\/api.w.org\/{rel}","templated":true}]}}